{"id":531,"date":"2023-02-10T10:51:59","date_gmt":"2023-02-10T13:51:59","guid":{"rendered":"http:\/\/inspiring.com.ar\/tienda\/producto\/modulo-3-modelo-de-gestion-aplicado-al-liderazgo-efectivo\/"},"modified":"2024-11-15T14:30:17","modified_gmt":"2024-11-15T17:30:17","slug":"modulo-3-modelo-de-gestion-aplicado-al-liderazgo-efectivo","status":"publish","type":"product","link":"https:\/\/inspiring.com.ar\/tienda\/producto\/modulo-3-modelo-de-gestion-aplicado-al-liderazgo-efectivo\/","title":{"rendered":"Modulo 3 : Modelo de gesti\u00f3n aplicado al liderazgo efectivo"},"content":{"rendered":"<p><b><br \/><\/b><\/p>\n<h4><b><\/b><\/h4>\n<p><b><\/b><\/p>\n<p><b>Este curso durar\u00e1 2 semanas y al finalizar estar\u00e1s en la capacidad de:<\/b><\/p>\n<ul>\n<li>Reconocer el impacto que tienen los cinco pilares del modelo de gesti\u00f3n ontol\u00f3gica en el logro\u00a0<b>efectivo\u00a0<\/b>de los resultados deseados.<\/li>\n<\/ul>\n<p><\/p>\n","protected":false},"excerpt":{"rendered":"<p>Este curso durar\u00e1 2 semanas y al finalizar estar\u00e1s en la capacidad de: Reconocer el impacto que tienen los cinco pilares del modelo de gesti\u00f3n ontol\u00f3gica en el logro\u00a0efectivo\u00a0de los resultados deseados.<\/p>\n","protected":false},"featured_media":0,"template":"","meta":{"om_disable_all_campaigns":false,"_monsterinsights_skip_tracking":false,"_monsterinsights_sitenote_active":false,"_monsterinsights_sitenote_note":"","_monsterinsights_sitenote_category":0},"product_cat":[19],"product_tag":[],"aioseo_notices":[],"jetpack-related-posts":[{"id":1505,"url":"https:\/\/inspiring.com.ar\/tienda\/producto\/pildoras-de-liderazgo\/","url_meta":{"origin":531,"position":0},"title":"P\u00edldoras de Liderazgo","author":"Inspiring Academy","date":"19 noviembre, 2024","format":false,"excerpt":"1. Comunicaci\u00f3n efectiva y adaptada: Identifica los diferentes estilos de aprendizaje (VAK) y adapta la comunicaci\u00f3n a cada colaborador. Detecta el perfil y personalidad de cada colaborador para establecer una comunicaci\u00f3n m\u00e1s efectiva. Adquiere t\u00e9cnicas para dar feedback constructivo y motivante. Descubre c\u00f3mo manejar conversaciones dif\u00edciles y resolver conflictos.\u00a0 2.\u2026","rel":"","context":"Entrada similar","block_context":{"text":"Entrada similar","link":""},"img":{"alt_text":"","src":"","width":0,"height":0},"classes":[]},{"id":522,"url":"https:\/\/inspiring.com.ar\/tienda\/producto\/liderazgo-para-la-accion-full\/","url_meta":{"origin":531,"position":1},"title":"Liderazgo para la Acci\u00f3n Full","author":"","date":"10 febrero, 2023","format":false,"excerpt":"\u00a1Lleva tu Liderazgo al siguiente nivel! Desarrolla Habilidades de excelencia para una Conducci\u00f3n de Equipos Eficiente y Efectiva. Obt\u00e9n\u00a0claves para impulsar la productividad de tu equipo y alcanzar los resultados deseados. Este entrenamiento te brinda un valor excepcional para tu desarrollo como L\u00edder de tu vida y de tu equipo.\u2026","rel":"","context":"Entrada similar","block_context":{"text":"Entrada similar","link":""},"img":{"alt_text":"","src":"","width":0,"height":0},"classes":[]},{"id":530,"url":"https:\/\/inspiring.com.ar\/tienda\/producto\/modulo-4-maestria-emocional-de-un-lider-consciente\/","url_meta":{"origin":531,"position":2},"title":"Modulo 4 : Maestr\u00eda emocional  de un l\u00edder consciente","author":"","date":"10 febrero, 2023","format":false,"excerpt":"Este curso durar\u00e1 2 semanas y al finalizar estar\u00e1s en la capacidad de:Definir una estrategia de gesti\u00f3n de emociones y estados de \u00e1nimo que facilite la consolidaci\u00f3n de un equipo con alta seguridad psicol\u00f3gica.","rel":"","context":"Entrada similar","block_context":{"text":"Entrada similar","link":""},"img":{"alt_text":"","src":"","width":0,"height":0},"classes":[]},{"id":524,"url":"https:\/\/inspiring.com.ar\/tienda\/producto\/negociador-elite-full\/","url_meta":{"origin":531,"position":3},"title":"Negociador Elite Full","author":"","date":"10 febrero, 2023","format":false,"excerpt":"Adquiere las herramientas necesarias para elevar tu desempe\u00f1o como negociador exitoso. Este entrenamiento est\u00e1 dise\u00f1ado para sumar un alto valor a tu gesti\u00f3n de cobro, brind\u00e1ndote diversas estrategias que te llevar\u00e1n a resultados \u00f3ptimos. Comencemos ahora \u00a1Muchos \u00e9xitos!","rel":"","context":"Entrada similar","block_context":{"text":"Entrada similar","link":""},"img":{"alt_text":"","src":"","width":0,"height":0},"classes":[]},{"id":1534,"url":"https:\/\/inspiring.com.ar\/tienda\/producto\/de-la-sobreexigencia-a-la-productividad-y-el-liderazgo\/","url_meta":{"origin":531,"position":4},"title":"De la Sobreexigencia a la Productividad y el Liderazgo","author":"Inspiring Academy","date":"13 marzo, 2025","format":false,"excerpt":"Gesti\u00f3n del tiempo y priorizaci\u00f3n: Herramientas y t\u00e9cnicas para organizar el d\u00eda y establecer prioridades. C\u00f3mo manejar interrupciones y maximizar la productividad. C\u00f3mo delegar tareas y empoderar a los colaboradores. La importancia de planificar y revisar los avances regularmente. Liderazgo situacional y adaptable: \u00bfCu\u00e1ndo aplicar cada estilo de liderazgo? C\u00f3mo\u2026","rel":"","context":"Entrada similar","block_context":{"text":"Entrada similar","link":""},"img":{"alt_text":"","src":"","width":0,"height":0},"classes":[]},{"id":527,"url":"https:\/\/inspiring.com.ar\/tienda\/producto\/introduccion-a-liderazgo-para-la-accion\/","url_meta":{"origin":531,"position":5},"title":"M\u00f3dulo 0 Introducci\u00f3n a Liderazgo para la acci\u00f3n","author":"","date":"10 febrero, 2023","format":false,"excerpt":"En este curso aprenderemos a desarrollar habilidades de conducci\u00f3n de equipos, como la interrelaci\u00f3n y el aprendizaje colaborativo; poniendo siempre en foco el prop\u00f3sito de la tarea. Es as\u00ed que la coordinaci\u00f3n de acciones, la flexibilidad y la innovaci\u00f3n ser\u00e1n clave para el logro de resultados efectivos.","rel":"","context":"Entrada similar","block_context":{"text":"Entrada similar","link":""},"img":{"alt_text":"","src":"","width":0,"height":0},"classes":[]}],"jetpack_likes_enabled":true,"jetpack_sharing_enabled":true,"_links":{"self":[{"href":"https:\/\/inspiring.com.ar\/tienda\/wp-json\/wp\/v2\/product\/531"}],"collection":[{"href":"https:\/\/inspiring.com.ar\/tienda\/wp-json\/wp\/v2\/product"}],"about":[{"href":"https:\/\/inspiring.com.ar\/tienda\/wp-json\/wp\/v2\/types\/product"}],"wp:attachment":[{"href":"https:\/\/inspiring.com.ar\/tienda\/wp-json\/wp\/v2\/media?parent=531"}],"wp:term":[{"taxonomy":"product_cat","embeddable":true,"href":"https:\/\/inspiring.com.ar\/tienda\/wp-json\/wp\/v2\/product_cat?post=531"},{"taxonomy":"product_tag","embeddable":true,"href":"https:\/\/inspiring.com.ar\/tienda\/wp-json\/wp\/v2\/product_tag?post=531"}],"curies":[{"name":"wp","href":"https:\/\/api.w.org\/{rel}","templated":true}]}}