{"id":529,"date":"2023-02-10T10:51:58","date_gmt":"2023-02-10T13:51:58","guid":{"rendered":"http:\/\/inspiring.com.ar\/tienda\/producto\/modulo-5-los-tres-focos-de-sentido-y-direccion-de-un-lider-trascendente\/"},"modified":"2024-11-15T14:30:17","modified_gmt":"2024-11-15T17:30:17","slug":"modulo-5-los-tres-focos-de-sentido-y-direccion-de-un-lider-trascendente","status":"publish","type":"product","link":"https:\/\/inspiring.com.ar\/tienda\/producto\/modulo-5-los-tres-focos-de-sentido-y-direccion-de-un-lider-trascendente\/","title":{"rendered":"Modulo 5 : Los tres focos de sentido y direcci\u00f3n de un l\u00edder trascendente"},"content":{"rendered":"<p><b><\/b><b style=\"font-size:15px;color:rgb(10,10,10);\">Este curso durar\u00e1 2 semanas y al finalizar estar\u00e1s en la capacidad de:<\/b><\/p>\n<h4><b><\/b><\/h4>\n<p><b>Reconocer las caracter\u00edsticas de un l\u00edder que inspira.Identificar los pasos para definir una estrategia de liderazgo que trasciende los resultados y genera cultura de acci\u00f3n y de compromiso en el equipo.<br \/><\/b><\/p>\n","protected":false},"excerpt":{"rendered":"<p>Este curso durar\u00e1 2 semanas y al finalizar estar\u00e1s en la capacidad de: Reconocer las caracter\u00edsticas de un l\u00edder que inspira.Identificar los pasos para definir una estrategia de liderazgo que trasciende los resultados y genera cultura de acci\u00f3n y de compromiso en el equipo.<\/p>\n","protected":false},"featured_media":0,"template":"","meta":{"om_disable_all_campaigns":false,"_monsterinsights_skip_tracking":false,"_monsterinsights_sitenote_active":false,"_monsterinsights_sitenote_note":"","_monsterinsights_sitenote_category":0},"product_cat":[19],"product_tag":[],"aioseo_notices":[],"jetpack-related-posts":[{"id":530,"url":"https:\/\/inspiring.com.ar\/tienda\/producto\/modulo-4-maestria-emocional-de-un-lider-consciente\/","url_meta":{"origin":529,"position":0},"title":"Modulo 4 : Maestr\u00eda emocional  de un l\u00edder consciente","author":"","date":"10 febrero, 2023","format":false,"excerpt":"Este curso durar\u00e1 2 semanas y al finalizar estar\u00e1s en la capacidad de:Definir una estrategia de gesti\u00f3n de emociones y estados de \u00e1nimo que facilite la consolidaci\u00f3n de un equipo con alta seguridad psicol\u00f3gica.","rel":"","context":"Entrada similar","block_context":{"text":"Entrada similar","link":""},"img":{"alt_text":"","src":"","width":0,"height":0},"classes":[]},{"id":528,"url":"https:\/\/inspiring.com.ar\/tienda\/producto\/modulo-2-competencias-y-distinciones-basicas-de-un-lider\/","url_meta":{"origin":529,"position":1},"title":"Modulo 2: Competencias y distinciones b\u00e1sicas de un l\u00edder","author":"","date":"10 febrero, 2023","format":false,"excerpt":"Este curso durar\u00e1 2 semanas y al finalizar estar\u00e1s en la capacidad de:Organizar tu trabajo a fin de enfocar tu energ\u00eda y tu esfuerzo en las acciones que agregan valor al mismo y que impactan positivamente en el resultado de tus colaboradores.","rel":"","context":"Entrada similar","block_context":{"text":"Entrada similar","link":""},"img":{"alt_text":"","src":"","width":0,"height":0},"classes":[]},{"id":1534,"url":"https:\/\/inspiring.com.ar\/tienda\/producto\/de-la-sobreexigencia-a-la-productividad-y-el-liderazgo\/","url_meta":{"origin":529,"position":2},"title":"De la Sobreexigencia a la Productividad y el Liderazgo","author":"Inspiring Academy","date":"13 marzo, 2025","format":false,"excerpt":"Gesti\u00f3n del tiempo y priorizaci\u00f3n: Herramientas y t\u00e9cnicas para organizar el d\u00eda y establecer prioridades. C\u00f3mo manejar interrupciones y maximizar la productividad. C\u00f3mo delegar tareas y empoderar a los colaboradores. La importancia de planificar y revisar los avances regularmente. Liderazgo situacional y adaptable: \u00bfCu\u00e1ndo aplicar cada estilo de liderazgo? C\u00f3mo\u2026","rel":"","context":"Entrada similar","block_context":{"text":"Entrada similar","link":""},"img":{"alt_text":"","src":"","width":0,"height":0},"classes":[]},{"id":522,"url":"https:\/\/inspiring.com.ar\/tienda\/producto\/liderazgo-para-la-accion-full\/","url_meta":{"origin":529,"position":3},"title":"Liderazgo para la Acci\u00f3n Full","author":"","date":"10 febrero, 2023","format":false,"excerpt":"\u00a1Lleva tu Liderazgo al siguiente nivel! Desarrolla Habilidades de excelencia para una Conducci\u00f3n de Equipos Eficiente y Efectiva. Obt\u00e9n\u00a0claves para impulsar la productividad de tu equipo y alcanzar los resultados deseados. Este entrenamiento te brinda un valor excepcional para tu desarrollo como L\u00edder de tu vida y de tu equipo.\u2026","rel":"","context":"Entrada similar","block_context":{"text":"Entrada similar","link":""},"img":{"alt_text":"","src":"","width":0,"height":0},"classes":[]},{"id":1505,"url":"https:\/\/inspiring.com.ar\/tienda\/producto\/pildoras-de-liderazgo\/","url_meta":{"origin":529,"position":4},"title":"P\u00edldoras de Liderazgo","author":"Inspiring Academy","date":"19 noviembre, 2024","format":false,"excerpt":"1. Comunicaci\u00f3n efectiva y adaptada: Identifica los diferentes estilos de aprendizaje (VAK) y adapta la comunicaci\u00f3n a cada colaborador. Detecta el perfil y personalidad de cada colaborador para establecer una comunicaci\u00f3n m\u00e1s efectiva. Adquiere t\u00e9cnicas para dar feedback constructivo y motivante. Descubre c\u00f3mo manejar conversaciones dif\u00edciles y resolver conflictos.\u00a0 2.\u2026","rel":"","context":"Entrada similar","block_context":{"text":"Entrada similar","link":""},"img":{"alt_text":"","src":"","width":0,"height":0},"classes":[]}],"jetpack_likes_enabled":true,"jetpack_sharing_enabled":true,"_links":{"self":[{"href":"https:\/\/inspiring.com.ar\/tienda\/wp-json\/wp\/v2\/product\/529"}],"collection":[{"href":"https:\/\/inspiring.com.ar\/tienda\/wp-json\/wp\/v2\/product"}],"about":[{"href":"https:\/\/inspiring.com.ar\/tienda\/wp-json\/wp\/v2\/types\/product"}],"wp:attachment":[{"href":"https:\/\/inspiring.com.ar\/tienda\/wp-json\/wp\/v2\/media?parent=529"}],"wp:term":[{"taxonomy":"product_cat","embeddable":true,"href":"https:\/\/inspiring.com.ar\/tienda\/wp-json\/wp\/v2\/product_cat?post=529"},{"taxonomy":"product_tag","embeddable":true,"href":"https:\/\/inspiring.com.ar\/tienda\/wp-json\/wp\/v2\/product_tag?post=529"}],"curies":[{"name":"wp","href":"https:\/\/api.w.org\/{rel}","templated":true}]}}