{"id":528,"date":"2023-02-10T10:51:58","date_gmt":"2023-02-10T13:51:58","guid":{"rendered":"http:\/\/inspiring.com.ar\/tienda\/producto\/modulo-2-competencias-y-distinciones-basicas-de-un-lider\/"},"modified":"2024-11-15T14:30:18","modified_gmt":"2024-11-15T17:30:18","slug":"modulo-2-competencias-y-distinciones-basicas-de-un-lider","status":"publish","type":"product","link":"https:\/\/inspiring.com.ar\/tienda\/producto\/modulo-2-competencias-y-distinciones-basicas-de-un-lider\/","title":{"rendered":"Modulo 2: Competencias y distinciones b\u00e1sicas de un l\u00edder"},"content":{"rendered":"<p><b><br \/><\/b><b style=\"font-size:15px;color:rgb(10,10,10);\">Este curso durar\u00e1 2 semanas y al finalizar estar\u00e1s en la capacidad de:<\/b><\/p>\n<h4><b><\/b><\/h4>\n<p><b>Organizar tu trabajo a fin de enfocar tu energ\u00eda y tu esfuerzo en las acciones que agregan valor al mismo y que impactan positivamente en el resultado de tus colaboradores.<br \/><\/b><\/p>\n","protected":false},"excerpt":{"rendered":"<p>Este curso durar\u00e1 2 semanas y al finalizar estar\u00e1s en la capacidad de: Organizar tu trabajo a fin de enfocar tu energ\u00eda y tu esfuerzo en las acciones que agregan valor al mismo y que impactan positivamente en el resultado de tus colaboradores.<\/p>\n","protected":false},"featured_media":0,"template":"","meta":{"om_disable_all_campaigns":false,"_monsterinsights_skip_tracking":false,"_monsterinsights_sitenote_active":false,"_monsterinsights_sitenote_note":"","_monsterinsights_sitenote_category":0},"product_cat":[19],"product_tag":[],"aioseo_notices":[],"jetpack-related-posts":[{"id":532,"url":"https:\/\/inspiring.com.ar\/tienda\/producto\/modulo-1-habilidades-de-comunicacion-para-surfear-el-cambio-2\/","url_meta":{"origin":528,"position":0},"title":"M\u00f3dulo 1: Habilidades de comunicaci\u00f3n para surfear el cambio","author":"","date":"10 febrero, 2023","format":false,"excerpt":"Este m\u00f3dulo durar\u00e1 3 semanas y al finalizar estar\u00e1s en la capacidad de:Identificar\u00a0tus\u00a0caracter\u00edsticas\u00a0comunicacionales\u00a0y las de\u00a0tus colaboradores\u00a0y colegas\u00a0para crear un perfil de comportamiento que te permita potenciar tu interacci\u00f3n con ellos.","rel":"","context":"Entrada similar","block_context":{"text":"Entrada similar","link":""},"img":{"alt_text":"","src":"","width":0,"height":0},"classes":[]},{"id":525,"url":"https:\/\/inspiring.com.ar\/tienda\/producto\/cobranza-persuasiva\/","url_meta":{"origin":528,"position":1},"title":"Cobranza Persuasiva: Paso 1 &amp; 2 Negociador Elite","author":"","date":"10 febrero, 2023","format":false,"excerpt":"En este curso encontrar\u00e1s los pasos para convertirte en un negociador elite full obteniendo as\u00ed\u00a0 resultados \u00f3ptimos","rel":"","context":"Entrada similar","block_context":{"text":"Entrada similar","link":""},"img":{"alt_text":"","src":"","width":0,"height":0},"classes":[]},{"id":530,"url":"https:\/\/inspiring.com.ar\/tienda\/producto\/modulo-4-maestria-emocional-de-un-lider-consciente\/","url_meta":{"origin":528,"position":2},"title":"Modulo 4 : Maestr\u00eda emocional  de un l\u00edder consciente","author":"","date":"10 febrero, 2023","format":false,"excerpt":"Este curso durar\u00e1 2 semanas y al finalizar estar\u00e1s en la capacidad de:Definir una estrategia de gesti\u00f3n de emociones y estados de \u00e1nimo que facilite la consolidaci\u00f3n de un equipo con alta seguridad psicol\u00f3gica.","rel":"","context":"Entrada similar","block_context":{"text":"Entrada similar","link":""},"img":{"alt_text":"","src":"","width":0,"height":0},"classes":[]},{"id":531,"url":"https:\/\/inspiring.com.ar\/tienda\/producto\/modulo-3-modelo-de-gestion-aplicado-al-liderazgo-efectivo\/","url_meta":{"origin":528,"position":3},"title":"Modulo 3 : Modelo de gesti\u00f3n aplicado al liderazgo efectivo","author":"","date":"10 febrero, 2023","format":false,"excerpt":"Este curso durar\u00e1 2 semanas y al finalizar estar\u00e1s en la capacidad de:Reconocer el impacto que tienen los cinco pilares del modelo de gesti\u00f3n ontol\u00f3gica en el logro\u00a0efectivo\u00a0de los resultados deseados.","rel":"","context":"Entrada similar","block_context":{"text":"Entrada similar","link":""},"img":{"alt_text":"","src":"","width":0,"height":0},"classes":[]},{"id":529,"url":"https:\/\/inspiring.com.ar\/tienda\/producto\/modulo-5-los-tres-focos-de-sentido-y-direccion-de-un-lider-trascendente\/","url_meta":{"origin":528,"position":4},"title":"Modulo 5 : Los tres focos de sentido y direcci\u00f3n de un l\u00edder trascendente","author":"","date":"10 febrero, 2023","format":false,"excerpt":"Este curso durar\u00e1 2 semanas y al finalizar estar\u00e1s en la capacidad de:Reconocer las caracter\u00edsticas de un l\u00edder que inspira.Identificar los pasos para definir una estrategia de liderazgo que trasciende los resultados y genera cultura de acci\u00f3n y de compromiso en el equipo.","rel":"","context":"Entrada similar","block_context":{"text":"Entrada similar","link":""},"img":{"alt_text":"","src":"","width":0,"height":0},"classes":[]},{"id":1505,"url":"https:\/\/inspiring.com.ar\/tienda\/producto\/pildoras-de-liderazgo\/","url_meta":{"origin":528,"position":5},"title":"P\u00edldoras de Liderazgo","author":"Inspiring Academy","date":"19 noviembre, 2024","format":false,"excerpt":"1. Comunicaci\u00f3n efectiva y adaptada: Identifica los diferentes estilos de aprendizaje (VAK) y adapta la comunicaci\u00f3n a cada colaborador. Detecta el perfil y personalidad de cada colaborador para establecer una comunicaci\u00f3n m\u00e1s efectiva. Adquiere t\u00e9cnicas para dar feedback constructivo y motivante. Descubre c\u00f3mo manejar conversaciones dif\u00edciles y resolver conflictos.\u00a0 2.\u2026","rel":"","context":"Entrada similar","block_context":{"text":"Entrada similar","link":""},"img":{"alt_text":"","src":"","width":0,"height":0},"classes":[]}],"jetpack_likes_enabled":true,"jetpack_sharing_enabled":true,"_links":{"self":[{"href":"https:\/\/inspiring.com.ar\/tienda\/wp-json\/wp\/v2\/product\/528"}],"collection":[{"href":"https:\/\/inspiring.com.ar\/tienda\/wp-json\/wp\/v2\/product"}],"about":[{"href":"https:\/\/inspiring.com.ar\/tienda\/wp-json\/wp\/v2\/types\/product"}],"wp:attachment":[{"href":"https:\/\/inspiring.com.ar\/tienda\/wp-json\/wp\/v2\/media?parent=528"}],"wp:term":[{"taxonomy":"product_cat","embeddable":true,"href":"https:\/\/inspiring.com.ar\/tienda\/wp-json\/wp\/v2\/product_cat?post=528"},{"taxonomy":"product_tag","embeddable":true,"href":"https:\/\/inspiring.com.ar\/tienda\/wp-json\/wp\/v2\/product_tag?post=528"}],"curies":[{"name":"wp","href":"https:\/\/api.w.org\/{rel}","templated":true}]}}