{"id":527,"date":"2023-02-10T10:51:57","date_gmt":"2023-02-10T13:51:57","guid":{"rendered":"http:\/\/inspiring.com.ar\/tienda\/producto\/introduccion-a-liderazgo-para-la-accion\/"},"modified":"2024-11-15T14:30:17","modified_gmt":"2024-11-15T17:30:17","slug":"introduccion-a-liderazgo-para-la-accion","status":"publish","type":"product","link":"https:\/\/inspiring.com.ar\/tienda\/producto\/introduccion-a-liderazgo-para-la-accion\/","title":{"rendered":"M\u00f3dulo 0 Introducci\u00f3n a Liderazgo para la acci\u00f3n"},"content":{"rendered":"<p dir=\"ltr\" style=\"text-align:left;\">En este curso aprenderemos a desarrollar habilidades de conducci\u00f3n de equipos, como la interrelaci\u00f3n y el aprendizaje colaborativo; poniendo siempre en foco el prop\u00f3sito de la tarea. Es as\u00ed que la coordinaci\u00f3n de acciones, la flexibilidad y la innovaci\u00f3n ser\u00e1n clave para el logro de resultados efectivos.<\/p>\n","protected":false},"excerpt":{"rendered":"<p>En este curso aprenderemos a desarrollar habilidades de conducci\u00f3n de equipos, como la interrelaci\u00f3n y el aprendizaje colaborativo; poniendo siempre en foco el prop\u00f3sito de la tarea. Es as\u00ed que la coordinaci\u00f3n de acciones, la flexibilidad y la innovaci\u00f3n ser\u00e1n clave para el logro de resultados efectivos.<\/p>\n","protected":false},"featured_media":0,"template":"","meta":{"om_disable_all_campaigns":false,"_monsterinsights_skip_tracking":false,"_monsterinsights_sitenote_active":false,"_monsterinsights_sitenote_note":"","_monsterinsights_sitenote_category":0},"product_cat":[19],"product_tag":[],"aioseo_notices":[],"jetpack-related-posts":[{"id":522,"url":"https:\/\/inspiring.com.ar\/tienda\/producto\/liderazgo-para-la-accion-full\/","url_meta":{"origin":527,"position":0},"title":"Liderazgo para la Acci\u00f3n Full","author":"","date":"10 febrero, 2023","format":false,"excerpt":"\u00a1Lleva tu Liderazgo al siguiente nivel! Desarrolla Habilidades de excelencia para una Conducci\u00f3n de Equipos Eficiente y Efectiva. Obt\u00e9n\u00a0claves para impulsar la productividad de tu equipo y alcanzar los resultados deseados. Este entrenamiento te brinda un valor excepcional para tu desarrollo como L\u00edder de tu vida y de tu equipo.\u2026","rel":"","context":"Entrada similar","block_context":{"text":"Entrada similar","link":""},"img":{"alt_text":"","src":"","width":0,"height":0},"classes":[]},{"id":528,"url":"https:\/\/inspiring.com.ar\/tienda\/producto\/modulo-2-competencias-y-distinciones-basicas-de-un-lider\/","url_meta":{"origin":527,"position":1},"title":"Modulo 2: Competencias y distinciones b\u00e1sicas de un l\u00edder","author":"","date":"10 febrero, 2023","format":false,"excerpt":"Este curso durar\u00e1 2 semanas y al finalizar estar\u00e1s en la capacidad de:Organizar tu trabajo a fin de enfocar tu energ\u00eda y tu esfuerzo en las acciones que agregan valor al mismo y que impactan positivamente en el resultado de tus colaboradores.","rel":"","context":"Entrada similar","block_context":{"text":"Entrada similar","link":""},"img":{"alt_text":"","src":"","width":0,"height":0},"classes":[]},{"id":529,"url":"https:\/\/inspiring.com.ar\/tienda\/producto\/modulo-5-los-tres-focos-de-sentido-y-direccion-de-un-lider-trascendente\/","url_meta":{"origin":527,"position":2},"title":"Modulo 5 : Los tres focos de sentido y direcci\u00f3n de un l\u00edder trascendente","author":"","date":"10 febrero, 2023","format":false,"excerpt":"Este curso durar\u00e1 2 semanas y al finalizar estar\u00e1s en la capacidad de:Reconocer las caracter\u00edsticas de un l\u00edder que inspira.Identificar los pasos para definir una estrategia de liderazgo que trasciende los resultados y genera cultura de acci\u00f3n y de compromiso en el equipo.","rel":"","context":"Entrada similar","block_context":{"text":"Entrada similar","link":""},"img":{"alt_text":"","src":"","width":0,"height":0},"classes":[]},{"id":530,"url":"https:\/\/inspiring.com.ar\/tienda\/producto\/modulo-4-maestria-emocional-de-un-lider-consciente\/","url_meta":{"origin":527,"position":3},"title":"Modulo 4 : Maestr\u00eda emocional  de un l\u00edder consciente","author":"","date":"10 febrero, 2023","format":false,"excerpt":"Este curso durar\u00e1 2 semanas y al finalizar estar\u00e1s en la capacidad de:Definir una estrategia de gesti\u00f3n de emociones y estados de \u00e1nimo que facilite la consolidaci\u00f3n de un equipo con alta seguridad psicol\u00f3gica.","rel":"","context":"Entrada similar","block_context":{"text":"Entrada similar","link":""},"img":{"alt_text":"","src":"","width":0,"height":0},"classes":[]},{"id":531,"url":"https:\/\/inspiring.com.ar\/tienda\/producto\/modulo-3-modelo-de-gestion-aplicado-al-liderazgo-efectivo\/","url_meta":{"origin":527,"position":4},"title":"Modulo 3 : Modelo de gesti\u00f3n aplicado al liderazgo efectivo","author":"","date":"10 febrero, 2023","format":false,"excerpt":"Este curso durar\u00e1 2 semanas y al finalizar estar\u00e1s en la capacidad de:Reconocer el impacto que tienen los cinco pilares del modelo de gesti\u00f3n ontol\u00f3gica en el logro\u00a0efectivo\u00a0de los resultados deseados.","rel":"","context":"Entrada similar","block_context":{"text":"Entrada similar","link":""},"img":{"alt_text":"","src":"","width":0,"height":0},"classes":[]},{"id":532,"url":"https:\/\/inspiring.com.ar\/tienda\/producto\/modulo-1-habilidades-de-comunicacion-para-surfear-el-cambio-2\/","url_meta":{"origin":527,"position":5},"title":"M\u00f3dulo 1: Habilidades de comunicaci\u00f3n para surfear el cambio","author":"","date":"10 febrero, 2023","format":false,"excerpt":"Este m\u00f3dulo durar\u00e1 3 semanas y al finalizar estar\u00e1s en la capacidad de:Identificar\u00a0tus\u00a0caracter\u00edsticas\u00a0comunicacionales\u00a0y las de\u00a0tus colaboradores\u00a0y colegas\u00a0para crear un perfil de comportamiento que te permita potenciar tu interacci\u00f3n con ellos.","rel":"","context":"Entrada similar","block_context":{"text":"Entrada similar","link":""},"img":{"alt_text":"","src":"","width":0,"height":0},"classes":[]}],"jetpack_likes_enabled":true,"jetpack_sharing_enabled":true,"_links":{"self":[{"href":"https:\/\/inspiring.com.ar\/tienda\/wp-json\/wp\/v2\/product\/527"}],"collection":[{"href":"https:\/\/inspiring.com.ar\/tienda\/wp-json\/wp\/v2\/product"}],"about":[{"href":"https:\/\/inspiring.com.ar\/tienda\/wp-json\/wp\/v2\/types\/product"}],"wp:attachment":[{"href":"https:\/\/inspiring.com.ar\/tienda\/wp-json\/wp\/v2\/media?parent=527"}],"wp:term":[{"taxonomy":"product_cat","embeddable":true,"href":"https:\/\/inspiring.com.ar\/tienda\/wp-json\/wp\/v2\/product_cat?post=527"},{"taxonomy":"product_tag","embeddable":true,"href":"https:\/\/inspiring.com.ar\/tienda\/wp-json\/wp\/v2\/product_tag?post=527"}],"curies":[{"name":"wp","href":"https:\/\/api.w.org\/{rel}","templated":true}]}}