{"id":526,"date":"2023-02-10T10:51:57","date_gmt":"2023-02-10T13:51:57","guid":{"rendered":"http:\/\/inspiring.com.ar\/tienda\/producto\/introduccion-a-negociador-elite\/"},"modified":"2024-11-15T14:30:18","modified_gmt":"2024-11-15T17:30:18","slug":"introduccion-a-negociador-elite","status":"publish","type":"product","link":"https:\/\/inspiring.com.ar\/tienda\/producto\/introduccion-a-negociador-elite\/","title":{"rendered":"Bienvenida a Negociador Elite"},"content":{"rendered":"<p dir=\"ltr\" style=\"text-align:left;\">En este curso encontrar\u00e1s los pasos para convertirte en un negociador elite full obteniendo as\u00ed\u00a0 resultados \u00f3ptimos<\/p>\n","protected":false},"excerpt":{"rendered":"<p>En este curso encontrar\u00e1s los pasos para convertirte en un negociador elite full obteniendo as\u00ed\u00a0 resultados \u00f3ptimos<\/p>\n","protected":false},"featured_media":0,"template":"","meta":{"om_disable_all_campaigns":false,"_monsterinsights_skip_tracking":false,"_monsterinsights_sitenote_active":false,"_monsterinsights_sitenote_note":"","_monsterinsights_sitenote_category":0},"product_cat":[21],"product_tag":[],"aioseo_notices":[],"jetpack-related-posts":[{"id":524,"url":"https:\/\/inspiring.com.ar\/tienda\/producto\/negociador-elite-full\/","url_meta":{"origin":526,"position":0},"title":"Negociador Elite Full","author":"","date":"10 febrero, 2023","format":false,"excerpt":"Adquiere las herramientas necesarias para elevar tu desempe\u00f1o como negociador exitoso. Este entrenamiento est\u00e1 dise\u00f1ado para sumar un alto valor a tu gesti\u00f3n de cobro, brind\u00e1ndote diversas estrategias que te llevar\u00e1n a resultados \u00f3ptimos. Comencemos ahora \u00a1Muchos \u00e9xitos!","rel":"","context":"Entrada similar","block_context":{"text":"Entrada similar","link":""},"img":{"alt_text":"","src":"","width":0,"height":0},"classes":[]},{"id":525,"url":"https:\/\/inspiring.com.ar\/tienda\/producto\/cobranza-persuasiva\/","url_meta":{"origin":526,"position":1},"title":"Cobranza Persuasiva: Paso 1 &amp; 2 Negociador Elite","author":"","date":"10 febrero, 2023","format":false,"excerpt":"En este curso encontrar\u00e1s los pasos para convertirte en un negociador elite full obteniendo as\u00ed\u00a0 resultados \u00f3ptimos","rel":"","context":"Entrada similar","block_context":{"text":"Entrada similar","link":""},"img":{"alt_text":"","src":"","width":0,"height":0},"classes":[]},{"id":522,"url":"https:\/\/inspiring.com.ar\/tienda\/producto\/liderazgo-para-la-accion-full\/","url_meta":{"origin":526,"position":2},"title":"Liderazgo para la Acci\u00f3n Full","author":"","date":"10 febrero, 2023","format":false,"excerpt":"\u00a1Lleva tu Liderazgo al siguiente nivel! Desarrolla Habilidades de excelencia para una Conducci\u00f3n de Equipos Eficiente y Efectiva. Obt\u00e9n\u00a0claves para impulsar la productividad de tu equipo y alcanzar los resultados deseados. Este entrenamiento te brinda un valor excepcional para tu desarrollo como L\u00edder de tu vida y de tu equipo.\u2026","rel":"","context":"Entrada similar","block_context":{"text":"Entrada similar","link":""},"img":{"alt_text":"","src":"","width":0,"height":0},"classes":[]},{"id":523,"url":"https:\/\/inspiring.com.ar\/tienda\/producto\/disena-en-canva-para-tus-cursos-de-moodle\/","url_meta":{"origin":526,"position":3},"title":"Dise\u00f1\u00e1 en Canva para tus cursos de Moodle","author":"","date":"10 febrero, 2023","format":false,"excerpt":"Este curso te brindar\u00e1 las herramientas necesarias para que desarrolles Contenido con Canva, de calidad y \u00f3ptimos para enriquecer la vista de tus cursos de Moodle .","rel":"","context":"Entrada similar","block_context":{"text":"Entrada similar","link":""},"img":{"alt_text":"","src":"","width":0,"height":0},"classes":[]},{"id":527,"url":"https:\/\/inspiring.com.ar\/tienda\/producto\/introduccion-a-liderazgo-para-la-accion\/","url_meta":{"origin":526,"position":4},"title":"M\u00f3dulo 0 Introducci\u00f3n a Liderazgo para la acci\u00f3n","author":"","date":"10 febrero, 2023","format":false,"excerpt":"En este curso aprenderemos a desarrollar habilidades de conducci\u00f3n de equipos, como la interrelaci\u00f3n y el aprendizaje colaborativo; poniendo siempre en foco el prop\u00f3sito de la tarea. Es as\u00ed que la coordinaci\u00f3n de acciones, la flexibilidad y la innovaci\u00f3n ser\u00e1n clave para el logro de resultados efectivos.","rel":"","context":"Entrada similar","block_context":{"text":"Entrada similar","link":""},"img":{"alt_text":"","src":"","width":0,"height":0},"classes":[]},{"id":529,"url":"https:\/\/inspiring.com.ar\/tienda\/producto\/modulo-5-los-tres-focos-de-sentido-y-direccion-de-un-lider-trascendente\/","url_meta":{"origin":526,"position":5},"title":"Modulo 5 : Los tres focos de sentido y direcci\u00f3n de un l\u00edder trascendente","author":"","date":"10 febrero, 2023","format":false,"excerpt":"Este curso durar\u00e1 2 semanas y al finalizar estar\u00e1s en la capacidad de:Reconocer las caracter\u00edsticas de un l\u00edder que inspira.Identificar los pasos para definir una estrategia de liderazgo que trasciende los resultados y genera cultura de acci\u00f3n y de compromiso en el equipo.","rel":"","context":"Entrada similar","block_context":{"text":"Entrada similar","link":""},"img":{"alt_text":"","src":"","width":0,"height":0},"classes":[]}],"jetpack_likes_enabled":true,"jetpack_sharing_enabled":true,"_links":{"self":[{"href":"https:\/\/inspiring.com.ar\/tienda\/wp-json\/wp\/v2\/product\/526"}],"collection":[{"href":"https:\/\/inspiring.com.ar\/tienda\/wp-json\/wp\/v2\/product"}],"about":[{"href":"https:\/\/inspiring.com.ar\/tienda\/wp-json\/wp\/v2\/types\/product"}],"wp:attachment":[{"href":"https:\/\/inspiring.com.ar\/tienda\/wp-json\/wp\/v2\/media?parent=526"}],"wp:term":[{"taxonomy":"product_cat","embeddable":true,"href":"https:\/\/inspiring.com.ar\/tienda\/wp-json\/wp\/v2\/product_cat?post=526"},{"taxonomy":"product_tag","embeddable":true,"href":"https:\/\/inspiring.com.ar\/tienda\/wp-json\/wp\/v2\/product_tag?post=526"}],"curies":[{"name":"wp","href":"https:\/\/api.w.org\/{rel}","templated":true}]}}