{"id":524,"date":"2023-02-10T10:51:57","date_gmt":"2023-02-10T13:51:57","guid":{"rendered":"http:\/\/inspiring.com.ar\/tienda\/producto\/negociador-elite-full\/"},"modified":"2024-11-15T14:30:19","modified_gmt":"2024-11-15T17:30:19","slug":"negociador-elite-full","status":"publish","type":"product","link":"https:\/\/inspiring.com.ar\/tienda\/producto\/negociador-elite-full\/","title":{"rendered":"Negociador Elite Full"},"content":{"rendered":"<p dir=\"ltr\" style=\"text-align:left;\">En este curso encontrar\u00e1s los pasos para convertirte en un negociador elite full obteniendo as\u00ed\u00a0 resultados \u00f3ptimos<\/p>\n","protected":false},"excerpt":{"rendered":"<p><span style=\"font-weight: 400;\">Adquiere las herramientas necesarias para elevar tu desempe\u00f1o como <b>negociador exitoso<\/b>. Este entrenamiento est\u00e1 dise\u00f1ado para sumar un alto valor a tu <b>gesti\u00f3n de cobro<\/b>, brind\u00e1ndote diversas <b>estrategias<\/b> que te llevar\u00e1n a <b>resultados \u00f3ptimos<\/b>.<\/span><\/p>\n<p><span style=\"font-weight: 400;\">Comencemos ahora \u00a1Muchos \u00e9xitos!<\/span><\/p>\n","protected":false},"featured_media":393,"template":"","meta":{"om_disable_all_campaigns":false,"_monsterinsights_skip_tracking":false,"_monsterinsights_sitenote_active":false,"_monsterinsights_sitenote_note":"","_monsterinsights_sitenote_category":0},"product_cat":[21],"product_tag":[],"aioseo_notices":[],"jetpack-related-posts":[{"id":526,"url":"https:\/\/inspiring.com.ar\/tienda\/producto\/introduccion-a-negociador-elite\/","url_meta":{"origin":524,"position":0},"title":"Bienvenida a Negociador Elite","author":"","date":"10 febrero, 2023","format":false,"excerpt":"En este curso encontrar\u00e1s los pasos para convertirte en un negociador elite full obteniendo as\u00ed\u00a0 resultados \u00f3ptimos","rel":"","context":"Entrada similar","block_context":{"text":"Entrada similar","link":""},"img":{"alt_text":"","src":"","width":0,"height":0},"classes":[]},{"id":525,"url":"https:\/\/inspiring.com.ar\/tienda\/producto\/cobranza-persuasiva\/","url_meta":{"origin":524,"position":1},"title":"Cobranza Persuasiva: Paso 1 &amp; 2 Negociador Elite","author":"","date":"10 febrero, 2023","format":false,"excerpt":"En este curso encontrar\u00e1s los pasos para convertirte en un negociador elite full obteniendo as\u00ed\u00a0 resultados \u00f3ptimos","rel":"","context":"Entrada similar","block_context":{"text":"Entrada similar","link":""},"img":{"alt_text":"","src":"","width":0,"height":0},"classes":[]},{"id":522,"url":"https:\/\/inspiring.com.ar\/tienda\/producto\/liderazgo-para-la-accion-full\/","url_meta":{"origin":524,"position":2},"title":"Liderazgo para la Acci\u00f3n Full","author":"","date":"10 febrero, 2023","format":false,"excerpt":"\u00a1Lleva tu Liderazgo al siguiente nivel! Desarrolla Habilidades de excelencia para una Conducci\u00f3n de Equipos Eficiente y Efectiva. Obt\u00e9n\u00a0claves para impulsar la productividad de tu equipo y alcanzar los resultados deseados. Este entrenamiento te brinda un valor excepcional para tu desarrollo como L\u00edder de tu vida y de tu equipo.\u2026","rel":"","context":"Entrada similar","block_context":{"text":"Entrada similar","link":""},"img":{"alt_text":"","src":"","width":0,"height":0},"classes":[]},{"id":523,"url":"https:\/\/inspiring.com.ar\/tienda\/producto\/disena-en-canva-para-tus-cursos-de-moodle\/","url_meta":{"origin":524,"position":3},"title":"Dise\u00f1\u00e1 en Canva para tus cursos de Moodle","author":"","date":"10 febrero, 2023","format":false,"excerpt":"Este curso te brindar\u00e1 las herramientas necesarias para que desarrolles Contenido con Canva, de calidad y \u00f3ptimos para enriquecer la vista de tus cursos de Moodle .","rel":"","context":"Entrada similar","block_context":{"text":"Entrada similar","link":""},"img":{"alt_text":"","src":"","width":0,"height":0},"classes":[]},{"id":527,"url":"https:\/\/inspiring.com.ar\/tienda\/producto\/introduccion-a-liderazgo-para-la-accion\/","url_meta":{"origin":524,"position":4},"title":"M\u00f3dulo 0 Introducci\u00f3n a Liderazgo para la acci\u00f3n","author":"","date":"10 febrero, 2023","format":false,"excerpt":"En este curso aprenderemos a desarrollar habilidades de conducci\u00f3n de equipos, como la interrelaci\u00f3n y el aprendizaje colaborativo; poniendo siempre en foco el prop\u00f3sito de la tarea. Es as\u00ed que la coordinaci\u00f3n de acciones, la flexibilidad y la innovaci\u00f3n ser\u00e1n clave para el logro de resultados efectivos.","rel":"","context":"Entrada similar","block_context":{"text":"Entrada similar","link":""},"img":{"alt_text":"","src":"","width":0,"height":0},"classes":[]},{"id":528,"url":"https:\/\/inspiring.com.ar\/tienda\/producto\/modulo-2-competencias-y-distinciones-basicas-de-un-lider\/","url_meta":{"origin":524,"position":5},"title":"Modulo 2: Competencias y distinciones b\u00e1sicas de un l\u00edder","author":"","date":"10 febrero, 2023","format":false,"excerpt":"Este curso durar\u00e1 2 semanas y al finalizar estar\u00e1s en la capacidad de:Organizar tu trabajo a fin de enfocar tu energ\u00eda y tu esfuerzo en las acciones que agregan valor al mismo y que impactan positivamente en el resultado de tus colaboradores.","rel":"","context":"Entrada similar","block_context":{"text":"Entrada similar","link":""},"img":{"alt_text":"","src":"","width":0,"height":0},"classes":[]}],"jetpack_likes_enabled":true,"jetpack_sharing_enabled":true,"_links":{"self":[{"href":"https:\/\/inspiring.com.ar\/tienda\/wp-json\/wp\/v2\/product\/524"}],"collection":[{"href":"https:\/\/inspiring.com.ar\/tienda\/wp-json\/wp\/v2\/product"}],"about":[{"href":"https:\/\/inspiring.com.ar\/tienda\/wp-json\/wp\/v2\/types\/product"}],"wp:featuredmedia":[{"embeddable":true,"href":"https:\/\/inspiring.com.ar\/tienda\/wp-json\/wp\/v2\/media\/393"}],"wp:attachment":[{"href":"https:\/\/inspiring.com.ar\/tienda\/wp-json\/wp\/v2\/media?parent=524"}],"wp:term":[{"taxonomy":"product_cat","embeddable":true,"href":"https:\/\/inspiring.com.ar\/tienda\/wp-json\/wp\/v2\/product_cat?post=524"},{"taxonomy":"product_tag","embeddable":true,"href":"https:\/\/inspiring.com.ar\/tienda\/wp-json\/wp\/v2\/product_tag?post=524"}],"curies":[{"name":"wp","href":"https:\/\/api.w.org\/{rel}","templated":true}]}}