{"id":1534,"date":"2025-03-13T17:12:41","date_gmt":"2025-03-13T20:12:41","guid":{"rendered":"https:\/\/inspiring.com.ar\/tienda\/?post_type=product&#038;p=1534"},"modified":"2025-03-19T19:55:26","modified_gmt":"2025-03-19T22:55:26","slug":"de-la-sobreexigencia-a-la-productividad-y-el-liderazgo","status":"publish","type":"product","link":"https:\/\/inspiring.com.ar\/tienda\/producto\/de-la-sobreexigencia-a-la-productividad-y-el-liderazgo\/","title":{"rendered":"De la Sobreexigencia a la Productividad y el Liderazgo"},"content":{"rendered":"<ol>\n<li style=\"font-weight: 400;\" aria-level=\"1\"><b>Gesti\u00f3n del tiempo y priorizaci\u00f3n:<\/b>\n<ul>\n<li style=\"font-weight: 400;\" aria-level=\"2\"><span style=\"font-weight: 400;\">Herramientas y t\u00e9cnicas para organizar el d\u00eda y establecer prioridades.<\/span><\/li>\n<li style=\"font-weight: 400;\" aria-level=\"2\"><span style=\"font-weight: 400;\">C\u00f3mo manejar interrupciones y maximizar la productividad.<\/span><\/li>\n<li style=\"font-weight: 400;\" aria-level=\"2\"><span style=\"font-weight: 400;\">C\u00f3mo delegar tareas y empoderar a los colaboradores.<\/span><\/li>\n<li style=\"font-weight: 400;\" aria-level=\"2\"><span style=\"font-weight: 400;\">La importancia de planificar y revisar los avances regularmente.<\/span><\/li>\n<\/ul>\n<\/li>\n<li style=\"font-weight: 400;\" aria-level=\"1\"><b>Liderazgo situacional y adaptable:<\/b>\n<ul>\n<li style=\"font-weight: 400;\" aria-level=\"2\"><span style=\"font-weight: 400;\">\u00bfCu\u00e1ndo aplicar cada estilo de liderazgo?<\/span><\/li>\n<li style=\"font-weight: 400;\" aria-level=\"2\"><span style=\"font-weight: 400;\">C\u00f3mo desarrollar nuevas habilidades de liderazgo.<\/span><\/li>\n<li style=\"font-weight: 400;\" aria-level=\"2\"><span style=\"font-weight: 400;\">Liderazgo en situaciones de crisis y cambio.<\/span><\/li>\n<li style=\"font-weight: 400;\" aria-level=\"2\"><span style=\"font-weight: 400;\">El rol del l\u00edder en la construcci\u00f3n de una cultura organizacional positiva.<\/span><\/li>\n<\/ul>\n<\/li>\n<\/ol>\n","protected":false},"excerpt":{"rendered":"<p>Gesti\u00f3n del tiempo y priorizaci\u00f3n: Herramientas y t\u00e9cnicas para organizar el d\u00eda y establecer prioridades. C\u00f3mo manejar interrupciones y maximizar la productividad. C\u00f3mo delegar tareas y empoderar a los colaboradores. La importancia de planificar y revisar los avances regularmente. Liderazgo situacional y adaptable: \u00bfCu\u00e1ndo aplicar cada estilo de liderazgo? C\u00f3mo desarrollar nuevas habilidades de liderazgo. [&#8230;]\n","protected":false},"featured_media":1547,"template":"","meta":{"om_disable_all_campaigns":false,"_monsterinsights_skip_tracking":false,"_monsterinsights_sitenote_active":false,"_monsterinsights_sitenote_note":"","_monsterinsights_sitenote_category":0},"product_cat":[15],"product_tag":[],"aioseo_notices":[],"jetpack-related-posts":[{"id":522,"url":"https:\/\/inspiring.com.ar\/tienda\/producto\/liderazgo-para-la-accion-full\/","url_meta":{"origin":1534,"position":0},"title":"Liderazgo para la Acci\u00f3n Full","author":"","date":"10 febrero, 2023","format":false,"excerpt":"\u00a1Lleva tu Liderazgo al siguiente nivel! Desarrolla Habilidades de excelencia para una Conducci\u00f3n de Equipos Eficiente y Efectiva. Obt\u00e9n\u00a0claves para impulsar la productividad de tu equipo y alcanzar los resultados deseados. Este entrenamiento te brinda un valor excepcional para tu desarrollo como L\u00edder de tu vida y de tu equipo.\u2026","rel":"","context":"Entrada similar","block_context":{"text":"Entrada similar","link":""},"img":{"alt_text":"","src":"","width":0,"height":0},"classes":[]},{"id":527,"url":"https:\/\/inspiring.com.ar\/tienda\/producto\/introduccion-a-liderazgo-para-la-accion\/","url_meta":{"origin":1534,"position":1},"title":"M\u00f3dulo 0 Introducci\u00f3n a Liderazgo para la acci\u00f3n","author":"","date":"10 febrero, 2023","format":false,"excerpt":"En este curso aprenderemos a desarrollar habilidades de conducci\u00f3n de equipos, como la interrelaci\u00f3n y el aprendizaje colaborativo; poniendo siempre en foco el prop\u00f3sito de la tarea. Es as\u00ed que la coordinaci\u00f3n de acciones, la flexibilidad y la innovaci\u00f3n ser\u00e1n clave para el logro de resultados efectivos.","rel":"","context":"Entrada similar","block_context":{"text":"Entrada similar","link":""},"img":{"alt_text":"","src":"","width":0,"height":0},"classes":[]},{"id":1505,"url":"https:\/\/inspiring.com.ar\/tienda\/producto\/pildoras-de-liderazgo\/","url_meta":{"origin":1534,"position":2},"title":"P\u00edldoras de Liderazgo","author":"Inspiring Academy","date":"19 noviembre, 2024","format":false,"excerpt":"1. Comunicaci\u00f3n efectiva y adaptada: Identifica los diferentes estilos de aprendizaje (VAK) y adapta la comunicaci\u00f3n a cada colaborador. Detecta el perfil y personalidad de cada colaborador para establecer una comunicaci\u00f3n m\u00e1s efectiva. Adquiere t\u00e9cnicas para dar feedback constructivo y motivante. Descubre c\u00f3mo manejar conversaciones dif\u00edciles y resolver conflictos.\u00a0 2.\u2026","rel":"","context":"Entrada similar","block_context":{"text":"Entrada similar","link":""},"img":{"alt_text":"","src":"","width":0,"height":0},"classes":[]},{"id":531,"url":"https:\/\/inspiring.com.ar\/tienda\/producto\/modulo-3-modelo-de-gestion-aplicado-al-liderazgo-efectivo\/","url_meta":{"origin":1534,"position":3},"title":"Modulo 3 : Modelo de gesti\u00f3n aplicado al liderazgo efectivo","author":"","date":"10 febrero, 2023","format":false,"excerpt":"Este curso durar\u00e1 2 semanas y al finalizar estar\u00e1s en la capacidad de:Reconocer el impacto que tienen los cinco pilares del modelo de gesti\u00f3n ontol\u00f3gica en el logro\u00a0efectivo\u00a0de los resultados deseados.","rel":"","context":"Entrada similar","block_context":{"text":"Entrada similar","link":""},"img":{"alt_text":"","src":"","width":0,"height":0},"classes":[]},{"id":529,"url":"https:\/\/inspiring.com.ar\/tienda\/producto\/modulo-5-los-tres-focos-de-sentido-y-direccion-de-un-lider-trascendente\/","url_meta":{"origin":1534,"position":4},"title":"Modulo 5 : Los tres focos de sentido y direcci\u00f3n de un l\u00edder trascendente","author":"","date":"10 febrero, 2023","format":false,"excerpt":"Este curso durar\u00e1 2 semanas y al finalizar estar\u00e1s en la capacidad de:Reconocer las caracter\u00edsticas de un l\u00edder que inspira.Identificar los pasos para definir una estrategia de liderazgo que trasciende los resultados y genera cultura de acci\u00f3n y de compromiso en el equipo.","rel":"","context":"Entrada similar","block_context":{"text":"Entrada similar","link":""},"img":{"alt_text":"","src":"","width":0,"height":0},"classes":[]},{"id":530,"url":"https:\/\/inspiring.com.ar\/tienda\/producto\/modulo-4-maestria-emocional-de-un-lider-consciente\/","url_meta":{"origin":1534,"position":5},"title":"Modulo 4 : Maestr\u00eda emocional  de un l\u00edder consciente","author":"","date":"10 febrero, 2023","format":false,"excerpt":"Este curso durar\u00e1 2 semanas y al finalizar estar\u00e1s en la capacidad de:Definir una estrategia de gesti\u00f3n de emociones y estados de \u00e1nimo que facilite la consolidaci\u00f3n de un equipo con alta seguridad psicol\u00f3gica.","rel":"","context":"Entrada similar","block_context":{"text":"Entrada similar","link":""},"img":{"alt_text":"","src":"","width":0,"height":0},"classes":[]}],"jetpack_likes_enabled":true,"jetpack_sharing_enabled":true,"_links":{"self":[{"href":"https:\/\/inspiring.com.ar\/tienda\/wp-json\/wp\/v2\/product\/1534"}],"collection":[{"href":"https:\/\/inspiring.com.ar\/tienda\/wp-json\/wp\/v2\/product"}],"about":[{"href":"https:\/\/inspiring.com.ar\/tienda\/wp-json\/wp\/v2\/types\/product"}],"wp:featuredmedia":[{"embeddable":true,"href":"https:\/\/inspiring.com.ar\/tienda\/wp-json\/wp\/v2\/media\/1547"}],"wp:attachment":[{"href":"https:\/\/inspiring.com.ar\/tienda\/wp-json\/wp\/v2\/media?parent=1534"}],"wp:term":[{"taxonomy":"product_cat","embeddable":true,"href":"https:\/\/inspiring.com.ar\/tienda\/wp-json\/wp\/v2\/product_cat?post=1534"},{"taxonomy":"product_tag","embeddable":true,"href":"https:\/\/inspiring.com.ar\/tienda\/wp-json\/wp\/v2\/product_tag?post=1534"}],"curies":[{"name":"wp","href":"https:\/\/api.w.org\/{rel}","templated":true}]}}