{"id":1505,"date":"2024-11-19T20:29:19","date_gmt":"2024-11-19T23:29:19","guid":{"rendered":"https:\/\/inspiring.com.ar\/tienda\/?post_type=product&#038;p=1505"},"modified":"2025-03-19T19:58:24","modified_gmt":"2025-03-19T22:58:24","slug":"pildoras-de-liderazgo","status":"publish","type":"product","link":"https:\/\/inspiring.com.ar\/tienda\/producto\/pildoras-de-liderazgo\/","title":{"rendered":"P\u00edldoras de Liderazgo"},"content":{"rendered":"<p><b>1. Comunicaci\u00f3n efectiva y adaptada:<\/b><\/p>\n<ul>\n<li style=\"list-style-type: none;\">\n<ul>\n<li style=\"font-weight: 400;\" aria-level=\"2\"><span style=\"font-weight: 400;\">Identifica los diferentes estilos de aprendizaje (VAK) y adapta la comunicaci\u00f3n a cada colaborador.<\/span><\/li>\n<li style=\"font-weight: 400;\" aria-level=\"2\"><span style=\"font-weight: 400;\">Detecta el perfil y personalidad de cada colaborador para establecer una comunicaci\u00f3n m\u00e1s efectiva.<\/span><\/li>\n<li style=\"font-weight: 400;\" aria-level=\"2\"><span style=\"font-weight: 400;\">Adquiere t\u00e9cnicas para dar feedback constructivo y motivante.<\/span><\/li>\n<li style=\"font-weight: 400;\" aria-level=\"2\"><span style=\"font-weight: 400;\">Descubre c\u00f3mo manejar conversaciones dif\u00edciles y resolver conflictos.<\/span><b>\u00a0<\/b><\/li>\n<\/ul>\n<\/li>\n<\/ul>\n<p><b>2. <\/b><b>Gesti\u00f3n del tiempo y priorizaci\u00f3n:<\/b><b><\/b><\/p>\n<ul>\n<li style=\"list-style-type: none;\">\n<ul>\n<li style=\"font-weight: 400;\" aria-level=\"2\"><span style=\"font-weight: 400;\">Herramientas y t\u00e9cnicas para organizar el d\u00eda y establecer prioridades.<\/span><\/li>\n<li style=\"font-weight: 400;\" aria-level=\"2\"><span style=\"font-weight: 400;\">C\u00f3mo manejar interrupciones y maximizar la productividad.<\/span><\/li>\n<li style=\"font-weight: 400;\" aria-level=\"2\"><span style=\"font-weight: 400;\">C\u00f3mo delegar tareas y empoderar a los colaboradores.<\/span><\/li>\n<li style=\"font-weight: 400;\" aria-level=\"2\"><span style=\"font-weight: 400;\">La importancia de planificar y revisar los avances regularmente.<\/span><\/li>\n<\/ul>\n<\/li>\n<\/ul>\n<p><b>3. <\/b><b>Liderazgo situacional y adaptable:<\/b><b><br \/>\n<\/b><\/p>\n<ul>\n<li style=\"list-style-type: none;\">\n<ul>\n<li style=\"font-weight: 400;\" aria-level=\"2\"><span style=\"font-weight: 400;\">\u00bfCu\u00e1ndo aplicar cada estilo de liderazgo?<\/span><\/li>\n<li style=\"font-weight: 400;\" aria-level=\"2\"><span style=\"font-weight: 400;\">C\u00f3mo desarrollar nuevas habilidades de liderazgo.<\/span><\/li>\n<li style=\"font-weight: 400;\" aria-level=\"2\"><span style=\"font-weight: 400;\">Liderazgo en situaciones de crisis y cambio.<\/span><\/li>\n<li style=\"font-weight: 400;\" aria-level=\"2\"><span style=\"font-weight: 400;\">El rol del l\u00edder en la construcci\u00f3n de una cultura organizacional positiva.<\/span><\/li>\n<\/ul>\n<\/li>\n<\/ul>\n<p><b>4. Detecci\u00f3n y desarrollo de talentos:<\/b><b><br \/>\n<\/b><\/p>\n<ul>\n<li style=\"list-style-type: none;\">\n<ul>\n<li style=\"font-weight: 400;\" aria-level=\"2\"><span style=\"font-weight: 400;\">C\u00f3mo identificar las fortalezas y debilidades de cada colaborador.<\/span><\/li>\n<li style=\"font-weight: 400;\" aria-level=\"2\"><span style=\"font-weight: 400;\">Dise\u00f1o de planes de desarrollo individualizados.<\/span><\/li>\n<li style=\"font-weight: 400;\" aria-level=\"2\"><span style=\"font-weight: 400;\">Creaci\u00f3n de oportunidades de crecimiento dentro de la organizaci\u00f3n.<\/span><\/li>\n<\/ul>\n<\/li>\n<\/ul>\n<p><b>5. Reuniones efectivas y comunicaci\u00f3n asertiva:<\/b><b><br \/>\n<\/b><\/p>\n<ul>\n<li style=\"list-style-type: none;\">\n<ul>\n<li style=\"font-weight: 400;\" aria-level=\"2\"><span style=\"font-weight: 400;\">C\u00f3mo planificar y conducir reuniones productivas.<\/span><\/li>\n<li style=\"font-weight: 400;\" aria-level=\"2\"><span style=\"font-weight: 400;\">Comunicaci\u00f3n asertiva: expresar ideas y opiniones de manera clara y respetuosa.<\/span><\/li>\n<li style=\"font-weight: 400;\" aria-level=\"2\"><span style=\"font-weight: 400;\">La importancia de la escucha activa.<\/span><\/li>\n<\/ul>\n<\/li>\n<\/ul>\n","protected":false},"excerpt":{"rendered":"<p>1. Comunicaci\u00f3n efectiva y adaptada: Identifica los diferentes estilos de aprendizaje (VAK) y adapta la comunicaci\u00f3n a cada colaborador. Detecta el perfil y personalidad de cada colaborador para establecer una comunicaci\u00f3n m\u00e1s efectiva. Adquiere t\u00e9cnicas para dar feedback constructivo y motivante. Descubre c\u00f3mo manejar conversaciones dif\u00edciles y resolver conflictos.\u00a0 2. Gesti\u00f3n del tiempo y priorizaci\u00f3n: [&#8230;]\n","protected":false},"featured_media":1548,"template":"","meta":{"om_disable_all_campaigns":false,"_monsterinsights_skip_tracking":false,"_monsterinsights_sitenote_active":false,"_monsterinsights_sitenote_note":"","_monsterinsights_sitenote_category":0},"product_cat":[15],"product_tag":[],"aioseo_notices":[],"jetpack-related-posts":[{"id":1534,"url":"https:\/\/inspiring.com.ar\/tienda\/producto\/de-la-sobreexigencia-a-la-productividad-y-el-liderazgo\/","url_meta":{"origin":1505,"position":0},"title":"De la Sobreexigencia a la Productividad y el Liderazgo","author":"Inspiring Academy","date":"13 marzo, 2025","format":false,"excerpt":"Gesti\u00f3n del tiempo y priorizaci\u00f3n: Herramientas y t\u00e9cnicas para organizar el d\u00eda y establecer prioridades. C\u00f3mo manejar interrupciones y maximizar la productividad. C\u00f3mo delegar tareas y empoderar a los colaboradores. La importancia de planificar y revisar los avances regularmente. Liderazgo situacional y adaptable: \u00bfCu\u00e1ndo aplicar cada estilo de liderazgo? C\u00f3mo\u2026","rel":"","context":"Entrada similar","block_context":{"text":"Entrada similar","link":""},"img":{"alt_text":"","src":"","width":0,"height":0},"classes":[]},{"id":532,"url":"https:\/\/inspiring.com.ar\/tienda\/producto\/modulo-1-habilidades-de-comunicacion-para-surfear-el-cambio-2\/","url_meta":{"origin":1505,"position":1},"title":"M\u00f3dulo 1: Habilidades de comunicaci\u00f3n para surfear el cambio","author":"","date":"10 febrero, 2023","format":false,"excerpt":"Este m\u00f3dulo durar\u00e1 3 semanas y al finalizar estar\u00e1s en la capacidad de:Identificar\u00a0tus\u00a0caracter\u00edsticas\u00a0comunicacionales\u00a0y las de\u00a0tus colaboradores\u00a0y colegas\u00a0para crear un perfil de comportamiento que te permita potenciar tu interacci\u00f3n con ellos.","rel":"","context":"Entrada similar","block_context":{"text":"Entrada similar","link":""},"img":{"alt_text":"","src":"","width":0,"height":0},"classes":[]},{"id":527,"url":"https:\/\/inspiring.com.ar\/tienda\/producto\/introduccion-a-liderazgo-para-la-accion\/","url_meta":{"origin":1505,"position":2},"title":"M\u00f3dulo 0 Introducci\u00f3n a Liderazgo para la acci\u00f3n","author":"","date":"10 febrero, 2023","format":false,"excerpt":"En este curso aprenderemos a desarrollar habilidades de conducci\u00f3n de equipos, como la interrelaci\u00f3n y el aprendizaje colaborativo; poniendo siempre en foco el prop\u00f3sito de la tarea. Es as\u00ed que la coordinaci\u00f3n de acciones, la flexibilidad y la innovaci\u00f3n ser\u00e1n clave para el logro de resultados efectivos.","rel":"","context":"Entrada similar","block_context":{"text":"Entrada similar","link":""},"img":{"alt_text":"","src":"","width":0,"height":0},"classes":[]},{"id":528,"url":"https:\/\/inspiring.com.ar\/tienda\/producto\/modulo-2-competencias-y-distinciones-basicas-de-un-lider\/","url_meta":{"origin":1505,"position":3},"title":"Modulo 2: Competencias y distinciones b\u00e1sicas de un l\u00edder","author":"","date":"10 febrero, 2023","format":false,"excerpt":"Este curso durar\u00e1 2 semanas y al finalizar estar\u00e1s en la capacidad de:Organizar tu trabajo a fin de enfocar tu energ\u00eda y tu esfuerzo en las acciones que agregan valor al mismo y que impactan positivamente en el resultado de tus colaboradores.","rel":"","context":"Entrada similar","block_context":{"text":"Entrada similar","link":""},"img":{"alt_text":"","src":"","width":0,"height":0},"classes":[]},{"id":531,"url":"https:\/\/inspiring.com.ar\/tienda\/producto\/modulo-3-modelo-de-gestion-aplicado-al-liderazgo-efectivo\/","url_meta":{"origin":1505,"position":4},"title":"Modulo 3 : Modelo de gesti\u00f3n aplicado al liderazgo efectivo","author":"","date":"10 febrero, 2023","format":false,"excerpt":"Este curso durar\u00e1 2 semanas y al finalizar estar\u00e1s en la capacidad de:Reconocer el impacto que tienen los cinco pilares del modelo de gesti\u00f3n ontol\u00f3gica en el logro\u00a0efectivo\u00a0de los resultados deseados.","rel":"","context":"Entrada similar","block_context":{"text":"Entrada similar","link":""},"img":{"alt_text":"","src":"","width":0,"height":0},"classes":[]},{"id":522,"url":"https:\/\/inspiring.com.ar\/tienda\/producto\/liderazgo-para-la-accion-full\/","url_meta":{"origin":1505,"position":5},"title":"Liderazgo para la Acci\u00f3n Full","author":"","date":"10 febrero, 2023","format":false,"excerpt":"\u00a1Lleva tu Liderazgo al siguiente nivel! Desarrolla Habilidades de excelencia para una Conducci\u00f3n de Equipos Eficiente y Efectiva. Obt\u00e9n\u00a0claves para impulsar la productividad de tu equipo y alcanzar los resultados deseados. Este entrenamiento te brinda un valor excepcional para tu desarrollo como L\u00edder de tu vida y de tu equipo.\u2026","rel":"","context":"Entrada similar","block_context":{"text":"Entrada similar","link":""},"img":{"alt_text":"","src":"","width":0,"height":0},"classes":[]}],"jetpack_likes_enabled":true,"jetpack_sharing_enabled":true,"_links":{"self":[{"href":"https:\/\/inspiring.com.ar\/tienda\/wp-json\/wp\/v2\/product\/1505"}],"collection":[{"href":"https:\/\/inspiring.com.ar\/tienda\/wp-json\/wp\/v2\/product"}],"about":[{"href":"https:\/\/inspiring.com.ar\/tienda\/wp-json\/wp\/v2\/types\/product"}],"wp:featuredmedia":[{"embeddable":true,"href":"https:\/\/inspiring.com.ar\/tienda\/wp-json\/wp\/v2\/media\/1548"}],"wp:attachment":[{"href":"https:\/\/inspiring.com.ar\/tienda\/wp-json\/wp\/v2\/media?parent=1505"}],"wp:term":[{"taxonomy":"product_cat","embeddable":true,"href":"https:\/\/inspiring.com.ar\/tienda\/wp-json\/wp\/v2\/product_cat?post=1505"},{"taxonomy":"product_tag","embeddable":true,"href":"https:\/\/inspiring.com.ar\/tienda\/wp-json\/wp\/v2\/product_tag?post=1505"}],"curies":[{"name":"wp","href":"https:\/\/api.w.org\/{rel}","templated":true}]}}