{"id":1462,"date":"2024-11-20T20:50:58","date_gmt":"2024-11-20T23:50:58","guid":{"rendered":"https:\/\/inspiring.com.ar\/tienda\/?post_type=product&#038;p=1462"},"modified":"2024-11-20T20:53:46","modified_gmt":"2024-11-20T23:53:46","slug":"curso-introductorio-de-moodle","status":"publish","type":"product","link":"https:\/\/inspiring.com.ar\/tienda\/producto\/curso-introductorio-de-moodle\/","title":{"rendered":"Curso Introductorio de Moodle"},"content":{"rendered":"","protected":false},"excerpt":{"rendered":"","protected":false},"featured_media":1512,"template":"","meta":{"om_disable_all_campaigns":false,"_monsterinsights_skip_tracking":false,"_monsterinsights_sitenote_active":false,"_monsterinsights_sitenote_note":"","_monsterinsights_sitenote_category":0},"product_cat":[15],"product_tag":[],"aioseo_notices":[],"jetpack-related-posts":[{"id":523,"url":"https:\/\/inspiring.com.ar\/tienda\/producto\/disena-en-canva-para-tus-cursos-de-moodle\/","url_meta":{"origin":1462,"position":0},"title":"Dise\u00f1\u00e1 en Canva para tus cursos de Moodle","author":"","date":"10 febrero, 2023","format":false,"excerpt":"Este curso te brindar\u00e1 las herramientas necesarias para que desarrolles Contenido con Canva, de calidad y \u00f3ptimos para enriquecer la vista de tus cursos de Moodle .","rel":"","context":"Entrada similar","block_context":{"text":"Entrada similar","link":""},"img":{"alt_text":"","src":"","width":0,"height":0},"classes":[]},{"id":526,"url":"https:\/\/inspiring.com.ar\/tienda\/producto\/introduccion-a-negociador-elite\/","url_meta":{"origin":1462,"position":1},"title":"Bienvenida a Negociador Elite","author":"","date":"10 febrero, 2023","format":false,"excerpt":"En este curso encontrar\u00e1s los pasos para convertirte en un negociador elite full obteniendo as\u00ed\u00a0 resultados \u00f3ptimos","rel":"","context":"Entrada similar","block_context":{"text":"Entrada similar","link":""},"img":{"alt_text":"","src":"","width":0,"height":0},"classes":[]},{"id":525,"url":"https:\/\/inspiring.com.ar\/tienda\/producto\/cobranza-persuasiva\/","url_meta":{"origin":1462,"position":2},"title":"Cobranza Persuasiva: Paso 1 &amp; 2 Negociador Elite","author":"","date":"10 febrero, 2023","format":false,"excerpt":"En este curso encontrar\u00e1s los pasos para convertirte en un negociador elite full obteniendo as\u00ed\u00a0 resultados \u00f3ptimos","rel":"","context":"Entrada similar","block_context":{"text":"Entrada similar","link":""},"img":{"alt_text":"","src":"","width":0,"height":0},"classes":[]},{"id":527,"url":"https:\/\/inspiring.com.ar\/tienda\/producto\/introduccion-a-liderazgo-para-la-accion\/","url_meta":{"origin":1462,"position":3},"title":"M\u00f3dulo 0 Introducci\u00f3n a Liderazgo para la acci\u00f3n","author":"","date":"10 febrero, 2023","format":false,"excerpt":"En este curso aprenderemos a desarrollar habilidades de conducci\u00f3n de equipos, como la interrelaci\u00f3n y el aprendizaje colaborativo; poniendo siempre en foco el prop\u00f3sito de la tarea. Es as\u00ed que la coordinaci\u00f3n de acciones, la flexibilidad y la innovaci\u00f3n ser\u00e1n clave para el logro de resultados efectivos.","rel":"","context":"Entrada similar","block_context":{"text":"Entrada similar","link":""},"img":{"alt_text":"","src":"","width":0,"height":0},"classes":[]},{"id":530,"url":"https:\/\/inspiring.com.ar\/tienda\/producto\/modulo-4-maestria-emocional-de-un-lider-consciente\/","url_meta":{"origin":1462,"position":4},"title":"Modulo 4 : Maestr\u00eda emocional  de un l\u00edder consciente","author":"","date":"10 febrero, 2023","format":false,"excerpt":"Este curso durar\u00e1 2 semanas y al finalizar estar\u00e1s en la capacidad de:Definir una estrategia de gesti\u00f3n de emociones y estados de \u00e1nimo que facilite la consolidaci\u00f3n de un equipo con alta seguridad psicol\u00f3gica.","rel":"","context":"Entrada similar","block_context":{"text":"Entrada similar","link":""},"img":{"alt_text":"","src":"","width":0,"height":0},"classes":[]},{"id":528,"url":"https:\/\/inspiring.com.ar\/tienda\/producto\/modulo-2-competencias-y-distinciones-basicas-de-un-lider\/","url_meta":{"origin":1462,"position":5},"title":"Modulo 2: Competencias y distinciones b\u00e1sicas de un l\u00edder","author":"","date":"10 febrero, 2023","format":false,"excerpt":"Este curso durar\u00e1 2 semanas y al finalizar estar\u00e1s en la capacidad de:Organizar tu trabajo a fin de enfocar tu energ\u00eda y tu esfuerzo en las acciones que agregan valor al mismo y que impactan positivamente en el resultado de tus colaboradores.","rel":"","context":"Entrada similar","block_context":{"text":"Entrada similar","link":""},"img":{"alt_text":"","src":"","width":0,"height":0},"classes":[]}],"jetpack_likes_enabled":true,"jetpack_sharing_enabled":true,"_links":{"self":[{"href":"https:\/\/inspiring.com.ar\/tienda\/wp-json\/wp\/v2\/product\/1462"}],"collection":[{"href":"https:\/\/inspiring.com.ar\/tienda\/wp-json\/wp\/v2\/product"}],"about":[{"href":"https:\/\/inspiring.com.ar\/tienda\/wp-json\/wp\/v2\/types\/product"}],"wp:featuredmedia":[{"embeddable":true,"href":"https:\/\/inspiring.com.ar\/tienda\/wp-json\/wp\/v2\/media\/1512"}],"wp:attachment":[{"href":"https:\/\/inspiring.com.ar\/tienda\/wp-json\/wp\/v2\/media?parent=1462"}],"wp:term":[{"taxonomy":"product_cat","embeddable":true,"href":"https:\/\/inspiring.com.ar\/tienda\/wp-json\/wp\/v2\/product_cat?post=1462"},{"taxonomy":"product_tag","embeddable":true,"href":"https:\/\/inspiring.com.ar\/tienda\/wp-json\/wp\/v2\/product_tag?post=1462"}],"curies":[{"name":"wp","href":"https:\/\/api.w.org\/{rel}","templated":true}]}}